{"id":1552,"date":"2018-06-04T16:05:39","date_gmt":"2018-06-04T16:05:39","guid":{"rendered":"https:\/\/hotel-tranzit.ro\/hotel-tranzit-szekelyudvarhely\/"},"modified":"2024-07-20T15:22:40","modified_gmt":"2024-07-20T15:22:40","slug":"hotel-tranzit-odorhellen","status":"publish","type":"page","link":"https:\/\/hotel-tranzit.ro\/en\/hotel-tranzit-odorhellen\/","title":{"rendered":"Hotel Tranzit Odorhellen"},"content":{"rendered":"<p>[vc_row][vc_column][stm_spacer height=&#8221;40&#8243; height_tablet=&#8221;30&#8243; height_mobile=&#8221;20&#8243;][\/vc_column][\/vc_row][vc_row equal_height=&#8221;yes&#8221; content_placement=&#8221;middle&#8221; shadow_x_offset=&#8221;0&#8243; shadow_y_offset=&#8221;0&#8243; shadow_blur=&#8221;0&#8243; shadow_spread=&#8221;0&#8243;][vc_column width=&#8221;1\/3&#8243;][vc_single_image image=&#8221;1825&#8243; img_size=&#8221;&#8221;][\/vc_column][vc_column width=&#8221;2\/3&#8243;][vc_column_text]<\/p>\n<p style=\"text-align: justify;\"><strong>Hotel-Hostel Tranzit *** an accomodation in the centre of Sz\u00e9kelyudvarhely, we can receive in the motel 55 person at the same time. In every room there is a bathroom.<\/strong><\/p>\n<p style=\"text-align: justify;\">\u2022 We can serve with conference room and protocol<br \/>\n\u2022 We have place to park with attendant, protected and supervised 24 hour in 24<br \/>\n\u2022 Cable Tv and fridge in all room<br \/>\n\u2022 Access to the World Wide Web (Internet)<br \/>\n\u2022 Food by needs<br \/>\n\u2022 Possibility to entertainment even at night<br \/>\n\u2022 Possibility to go to sightseeing, places of interest, the sights of the town, even with a guide if is necessary<br \/>\n\u2022 Flexible management<br \/>\n\u2022 Attentive service of guests, keeping eye in view your unusual wishes<\/p>\n<p style=\"text-align: justify;\"><strong>There is a room for 80 people for meetings<\/strong><br \/>\nWe try to do everything possible to perform your&#8217;s wishes and we offer a profitable price, so you can turn back next time too in our town.<\/p>\n<p>[\/vc_column_text][\/vc_column][\/vc_row][vc_row][vc_column][stm_spacer height=&#8221;80&#8243; height_tablet=&#8221;50&#8243; height_mobile=&#8221;30&#8243;][\/vc_column][\/vc_row][vc_row][vc_column][vc_media_grid element_width=&#8221;3&#8243; gap=&#8221;10&#8243; grid_id=&#8221;vc_gid:1721488947329-2a452be9-fe3e-5&#8243; include=&#8221;1564,1629,1628,1627,1626,1625,1623,1624,1622,1621,1620,1619,1618,1616,1617,1615,1614,1613,1612,1611,1610,1609,1608,1607,1606,1605,1604,1603,1602,1601,1600,1599,1598,1597,1596,1594,1595,1593,1592,1591,1590,1589,1557,1587,1553,1586,1585,1584,1582,1583,1581,1580,1579,1578,1577,1576,1575,1574,1573,1572,1571,1570,1569,1568,1567,1566,1565&#8243;][\/vc_column][\/vc_row][vc_row][vc_column][stm_spacer height=&#8221;20&#8243; height_tablet=&#8221;20&#8243; height_mobile=&#8221;10&#8243;][\/vc_column][\/vc_row][vc_section css=&#8221;.vc_custom_1537946414736{margin-bottom: -60px !important;padding-top: 0px !important;}&#8221;][vc_row full_width=&#8221;stretch_row&#8221; content_placement=&#8221;middle&#8221; shadow_x_offset=&#8221;0&#8243; shadow_y_offset=&#8221;0&#8243; shadow_blur=&#8221;0&#8243; shadow_spread=&#8221;0&#8243; shadow_color=&#8221;&#8221; css=&#8221;.vc_custom_1659528983768{background-image: url(https:\/\/hotel-tranzit.ro\/wp-content\/uploads\/parallax-1.jpg?id=1401) !important;}&#8221; el_class=&#8221;fixed_bg&#8221;][vc_column css_animation=&#8221;none&#8221; shadow_x_offset=&#8221;0&#8243; shadow_y_offset=&#8221;0&#8243; shadow_blur=&#8221;0&#8243; shadow_spread=&#8221;0&#8243; shadow_color=&#8221;&#8221; offset=&#8221;vc_col-lg-offset-2 vc_col-lg-8 vc_col-md-offset-2 vc_col-md-8 vc_col-xs-12&#8243;][stm_spacer height=&#8221;70&#8243; height_tablet=&#8221;50&#8243; height_mobile=&#8221;30&#8243;][stm_spacer height=&#8221;188&#8243; height_tablet=&#8221;120&#8243; height_mobile=&#8221;110&#8243;][vc_custom_heading text=&#8221;WE ACCEPTS VOUCHERS&#8221; font_container=&#8221;tag:h4|font_size:40|text_align:center|color:%23ffffff|line_height:60px&#8221; use_theme_fonts=&#8221;yes&#8221; heading_icon=&#8221;stmicon-haircut&#8221; heading_icon_color=&#8221;custom&#8221; heading_icon_custom_color=&#8221;#ffffff&#8221; css=&#8221;.vc_custom_1659602699844{margin-top: 10px !important;margin-bottom: 40px !important;}&#8221;][vc_column_text css=&#8221;.vc_custom_1659602710783{margin-bottom: 61px !important;}&#8221;]<\/p>\n<p style=\"text-align: center;\"><span style=\"color: #ffffff;\"><span class=\"d2edcug0 hpfvmrgz qv66sw1b c1et5uql lr9zc1uh a8c37x1j fe6kdd0r mau55g9w c8b282yb keod5gw0 nxhoafnm aigsh9s9 d3f4x2em iv3no6db jq4qci2q a3bd9o3v b1v8xokw oo9gr5id hzawbc8m\" dir=\"auto\"><span class=\"VIiyi\" lang=\"en\"><span class=\"JLqJ4b ChMk0b\" data-language-for-alternatives=\"en\" data-language-to-translate-into=\"hu\" data-phrase-index=\"0\" data-number-of-phrases=\"1\"><span class=\"Q4iAWc\">We accept all types of &#8220;voucher de vacan\u021b\u0103&#8221; issued in Romania as means of payment.<\/span><\/span><\/span><\/span><\/span><\/p>\n<p>[\/vc_column_text][stm_spacer height=&#8221;142&#8243; height_tablet=&#8221;130&#8243; height_mobile=&#8221;70&#8243;][\/vc_column][\/vc_row][\/vc_section]<\/p>\n","protected":false},"excerpt":{"rendered":"<p>[vc_row][vc_column][stm_spacer height=&#8221;40&#8243; height_tablet=&#8221;30&#8243; height_mobile=&#8221;20&#8243;][\/vc_column][\/vc_row][vc_row equal_height=&#8221;yes&#8221; content_placement=&#8221;middle&#8221; shadow_x_offset=&#8221;0&#8243; shadow_y_offset=&#8221;0&#8243; shadow_blur=&#8221;0&#8243; shadow_spread=&#8221;0&#8243;][vc_column width=&#8221;1\/3&#8243;][vc_single_image image=&#8221;1825&#8243; img_size=&#8221;&#8221;][\/vc_column][vc_column width=&#8221;2\/3&#8243;][vc_column_text] Hotel-Hostel Tranzit *** an accomodation in the centre of Sz\u00e9kelyudvarhely, we can receive in the motel 55 person at the same time. In every room there is a bathroom. \u2022 We can serve with conference room and protocol \u2022 We have [&hellip;]<\/p>\n","protected":false},"author":1,"featured_media":0,"parent":0,"menu_order":0,"comment_status":"closed","ping_status":"closed","template":"","meta":[],"yoast_head":"<!-- This site is optimized with the Yoast SEO Premium plugin v17.2 (Yoast SEO v17.2) - https:\/\/yoast.com\/wordpress\/plugins\/seo\/ -->\n<title>Hotel Tranzit - accomodation pension Odorheiu Secuiesc, Odorhellen<\/title>\n<meta name=\"description\" content=\"accomodation odorheiu secuiesc, pension odorheiu secuiesc, accomodation odorhellen, pension odorhellen, low price accomodation\" \/>\n<meta name=\"robots\" content=\"index, follow, max-snippet:-1, max-image-preview:large, max-video-preview:-1\" \/>\n<link rel=\"canonical\" href=\"https:\/\/hotel-tranzit.ro\/en\/hotel-tranzit-odorhellen\/\" \/>\n<meta property=\"og:locale\" content=\"en_US\" \/>\n<meta property=\"og:type\" content=\"article\" \/>\n<meta property=\"og:title\" content=\"Hotel Tranzit Odorhellen\" \/>\n<meta property=\"og:description\" content=\"accomodation odorheiu secuiesc, pension odorheiu secuiesc, accomodation odorhellen, pension odorhellen, low price accomodation\" \/>\n<meta property=\"og:url\" content=\"https:\/\/hotel-tranzit.ro\/en\/hotel-tranzit-odorhellen\/\" \/>\n<meta property=\"og:site_name\" content=\"Hotel Tranzit - Sz\u00e1ll\u00e1s Sz\u00e9kelyudvarhely\" \/>\n<meta property=\"article:modified_time\" content=\"2024-07-20T15:22:40+00:00\" \/>\n<meta name=\"twitter:card\" content=\"summary_large_image\" \/>\n<meta name=\"twitter:label1\" content=\"Est. reading time\" \/>\n\t<meta name=\"twitter:data1\" content=\"2 minutes\" \/>\n<script type=\"application\/ld+json\" class=\"yoast-schema-graph\">{\"@context\":\"https:\/\/schema.org\",\"@graph\":[{\"@type\":\"WebSite\",\"@id\":\"https:\/\/hotel-tranzit.ro\/#website\",\"url\":\"https:\/\/hotel-tranzit.ro\/\",\"name\":\"Hotel Tranzit - Sz\\u00e1ll\\u00e1s Sz\\u00e9kelyudvarhely\",\"description\":\"\",\"potentialAction\":[{\"@type\":\"SearchAction\",\"target\":{\"@type\":\"EntryPoint\",\"urlTemplate\":\"https:\/\/hotel-tranzit.ro\/?s={search_term_string}\"},\"query-input\":\"required name=search_term_string\"}],\"inLanguage\":\"en-US\"},{\"@type\":\"WebPage\",\"@id\":\"https:\/\/hotel-tranzit.ro\/en\/hotel-tranzit-odorhellen\/#webpage\",\"url\":\"https:\/\/hotel-tranzit.ro\/en\/hotel-tranzit-odorhellen\/\",\"name\":\"Hotel Tranzit - accomodation pension Odorheiu Secuiesc, Odorhellen\",\"isPartOf\":{\"@id\":\"https:\/\/hotel-tranzit.ro\/#website\"},\"datePublished\":\"2018-06-04T16:05:39+00:00\",\"dateModified\":\"2024-07-20T15:22:40+00:00\",\"description\":\"accomodation odorheiu secuiesc, pension odorheiu secuiesc, accomodation odorhellen, pension odorhellen, low price accomodation\",\"breadcrumb\":{\"@id\":\"https:\/\/hotel-tranzit.ro\/en\/hotel-tranzit-odorhellen\/#breadcrumb\"},\"inLanguage\":\"en-US\",\"potentialAction\":[{\"@type\":\"ReadAction\",\"target\":[\"https:\/\/hotel-tranzit.ro\/en\/hotel-tranzit-odorhellen\/\"]}]},{\"@type\":\"BreadcrumbList\",\"@id\":\"https:\/\/hotel-tranzit.ro\/en\/hotel-tranzit-odorhellen\/#breadcrumb\",\"itemListElement\":[{\"@type\":\"ListItem\",\"position\":1,\"name\":\"Home\",\"item\":\"https:\/\/hotel-tranzit.ro\/en\/\"},{\"@type\":\"ListItem\",\"position\":2,\"name\":\"Hotel Tranzit Odorhellen\"}]}]}<\/script>\n<!-- \/ Yoast SEO Premium plugin. -->","yoast_head_json":{"title":"Hotel Tranzit - accomodation pension Odorheiu Secuiesc, Odorhellen","description":"accomodation odorheiu secuiesc, pension odorheiu secuiesc, accomodation odorhellen, pension odorhellen, low price accomodation","robots":{"index":"index","follow":"follow","max-snippet":"max-snippet:-1","max-image-preview":"max-image-preview:large","max-video-preview":"max-video-preview:-1"},"canonical":"https:\/\/hotel-tranzit.ro\/en\/hotel-tranzit-odorhellen\/","og_locale":"en_US","og_type":"article","og_title":"Hotel Tranzit Odorhellen","og_description":"accomodation odorheiu secuiesc, pension odorheiu secuiesc, accomodation odorhellen, pension odorhellen, low price accomodation","og_url":"https:\/\/hotel-tranzit.ro\/en\/hotel-tranzit-odorhellen\/","og_site_name":"Hotel Tranzit - Sz\u00e1ll\u00e1s Sz\u00e9kelyudvarhely","article_modified_time":"2024-07-20T15:22:40+00:00","twitter_card":"summary_large_image","twitter_misc":{"Est. reading time":"2 minutes"},"schema":{"@context":"https:\/\/schema.org","@graph":[{"@type":"WebSite","@id":"https:\/\/hotel-tranzit.ro\/#website","url":"https:\/\/hotel-tranzit.ro\/","name":"Hotel Tranzit - Sz\u00e1ll\u00e1s Sz\u00e9kelyudvarhely","description":"","potentialAction":[{"@type":"SearchAction","target":{"@type":"EntryPoint","urlTemplate":"https:\/\/hotel-tranzit.ro\/?s={search_term_string}"},"query-input":"required name=search_term_string"}],"inLanguage":"en-US"},{"@type":"WebPage","@id":"https:\/\/hotel-tranzit.ro\/en\/hotel-tranzit-odorhellen\/#webpage","url":"https:\/\/hotel-tranzit.ro\/en\/hotel-tranzit-odorhellen\/","name":"Hotel Tranzit - accomodation pension Odorheiu Secuiesc, Odorhellen","isPartOf":{"@id":"https:\/\/hotel-tranzit.ro\/#website"},"datePublished":"2018-06-04T16:05:39+00:00","dateModified":"2024-07-20T15:22:40+00:00","description":"accomodation odorheiu secuiesc, pension odorheiu secuiesc, accomodation odorhellen, pension odorhellen, low price accomodation","breadcrumb":{"@id":"https:\/\/hotel-tranzit.ro\/en\/hotel-tranzit-odorhellen\/#breadcrumb"},"inLanguage":"en-US","potentialAction":[{"@type":"ReadAction","target":["https:\/\/hotel-tranzit.ro\/en\/hotel-tranzit-odorhellen\/"]}]},{"@type":"BreadcrumbList","@id":"https:\/\/hotel-tranzit.ro\/en\/hotel-tranzit-odorhellen\/#breadcrumb","itemListElement":[{"@type":"ListItem","position":1,"name":"Home","item":"https:\/\/hotel-tranzit.ro\/en\/"},{"@type":"ListItem","position":2,"name":"Hotel Tranzit Odorhellen"}]}]}},"_links":{"self":[{"href":"https:\/\/hotel-tranzit.ro\/en\/wp-json\/wp\/v2\/pages\/1552"}],"collection":[{"href":"https:\/\/hotel-tranzit.ro\/en\/wp-json\/wp\/v2\/pages"}],"about":[{"href":"https:\/\/hotel-tranzit.ro\/en\/wp-json\/wp\/v2\/types\/page"}],"author":[{"embeddable":true,"href":"https:\/\/hotel-tranzit.ro\/en\/wp-json\/wp\/v2\/users\/1"}],"replies":[{"embeddable":true,"href":"https:\/\/hotel-tranzit.ro\/en\/wp-json\/wp\/v2\/comments?post=1552"}],"version-history":[{"count":7,"href":"https:\/\/hotel-tranzit.ro\/en\/wp-json\/wp\/v2\/pages\/1552\/revisions"}],"predecessor-version":[{"id":1834,"href":"https:\/\/hotel-tranzit.ro\/en\/wp-json\/wp\/v2\/pages\/1552\/revisions\/1834"}],"wp:attachment":[{"href":"https:\/\/hotel-tranzit.ro\/en\/wp-json\/wp\/v2\/media?parent=1552"}],"curies":[{"name":"wp","href":"https:\/\/api.w.org\/{rel}","templated":true}]}}