{"id":1714,"date":"2018-06-05T04:15:54","date_gmt":"2018-06-05T04:15:54","guid":{"rendered":"https:\/\/hotel-tranzit.ro\/kapcsolat-foglalas\/"},"modified":"2022-08-04T09:43:01","modified_gmt":"2022-08-04T09:43:01","slug":"contact-reservation","status":"publish","type":"page","link":"https:\/\/hotel-tranzit.ro\/en\/contact-reservation\/","title":{"rendered":"Contact\/Reservation"},"content":{"rendered":"<p>[vc_section css=&#8221;.vc_custom_1537953987339{padding-top: 0px !important;}&#8221;][\/vc_section][vc_row][vc_column][vc_column_text]<\/p>\n<p style=\"text-align: center;\"><strong>Hotel Tranzit<\/strong><br \/>\nTompa L\u00e1szl\u00f3 street nr. 36.<br \/>\n535600, Sz\u00e9kelyudvarhely<br \/>\nHargita County, Romania<\/p>\n<p style=\"text-align: center;\">Mobil: 004 0744 361 869 \u2013 P\u00e1l Attila<br \/>\nMobil: 004\u00a0 0744\u00a0 753 650<br \/>\nE-mail: htranzit@gmail.com<br \/>\nWeb: www.hotel-tranzit.ro<br \/>\nFacebook: <a href=\"https:\/\/www.facebook.com\/profile.php?id=100011441572712\" target=\"_blank\" rel=\"noopener\">Hotel Tranzit<\/a><\/p>\n<p>[\/vc_column_text][\/vc_column][\/vc_row][vc_row][vc_column][vc_btn title=&#8221;ROUTE PLANNING WITH ONE CLICK&#8221; color=&#8221;danger&#8221; size=&#8221;lg&#8221; align=&#8221;center&#8221; button_block=&#8221;true&#8221; link=&#8221;url:https%3A%2F%2Fwww.google.hu%2Fmaps%2Fdir%2F%2FTranzit%2BSz%25C3%25A1ll%25C3%25B3%2C%2BStrada%2BTompa%2BL%25C3%25A1szl%25C3%25B3%2B36%2C%2BOdorheiu%2BSecuiesc%2B535600%2F%4046.3076483%2C25.2941175%2C20z%2Fdata%3D!4m9!4m8!1m0!1m5!1m1!1s0x474b17bc5efda003%3A0x6f29b04c19fed2e1!2m2!1d25.2942117!2d46.3076243!3e0|target:_blank&#8221;][\/vc_column][\/vc_row][vc_row shadow_x_offset=&#8221;0&#8243; shadow_y_offset=&#8221;0&#8243; shadow_blur=&#8221;0&#8243; shadow_spread=&#8221;0&#8243; shadow_color=&#8221;&#8221; css=&#8221;.vc_custom_1531906799465{padding-top: 20px !important;}&#8221;][vc_column width=&#8221;1\/5&#8243; shadow_x_offset=&#8221;0&#8243; shadow_y_offset=&#8221;0&#8243; shadow_blur=&#8221;0&#8243; shadow_spread=&#8221;0&#8243;][\/vc_column][vc_column width=&#8221;3\/5&#8243;][stm_spacer height=&#8221;120&#8243; height_tablet=&#8221;70&#8243; height_mobile=&#8221;60&#8243;][vc_custom_heading text=&#8221;Online reservation&#8221; font_container=&#8221;tag:h2|text_align:center&#8221; use_theme_fonts=&#8221;yes&#8221; heading_icon=&#8221;stmicon-haircut&#8221; heading_icon_color=&#8221;mtc&#8221; css=&#8221;.vc_custom_1659603958972{margin-bottom: 50px !important;}&#8221;][stm_contact_form_7 form=&#8221;1713&#8243;][\/vc_column][vc_column width=&#8221;1\/5&#8243;][\/vc_column][\/vc_row]<\/p>\n","protected":false},"excerpt":{"rendered":"<p>[vc_section css=&#8221;.vc_custom_1537953987339{padding-top: 0px !important;}&#8221;][\/vc_section][vc_row][vc_column][vc_column_text] Hotel Tranzit Tompa L\u00e1szl\u00f3 street nr. 36. 535600, Sz\u00e9kelyudvarhely Hargita County, Romania Mobil: 004 0744 361 869 \u2013 P\u00e1l Attila Mobil: 004\u00a0 0744\u00a0 753 650 E-mail: htranzit@gmail.com Web: www.hotel-tranzit.ro Facebook: Hotel Tranzit [\/vc_column_text][\/vc_column][\/vc_row][vc_row][vc_column][vc_btn title=&#8221;ROUTE PLANNING WITH ONE CLICK&#8221; color=&#8221;danger&#8221; size=&#8221;lg&#8221; align=&#8221;center&#8221; button_block=&#8221;true&#8221; link=&#8221;url:https%3A%2F%2Fwww.google.hu%2Fmaps%2Fdir%2F%2FTranzit%2BSz%25C3%25A1ll%25C3%25B3%2C%2BStrada%2BTompa%2BL%25C3%25A1szl%25C3%25B3%2B36%2C%2BOdorheiu%2BSecuiesc%2B535600%2F%4046.3076483%2C25.2941175%2C20z%2Fdata%3D!4m9!4m8!1m0!1m5!1m1!1s0x474b17bc5efda003%3A0x6f29b04c19fed2e1!2m2!1d25.2942117!2d46.3076243!3e0|target:_blank&#8221;][\/vc_column][\/vc_row][vc_row shadow_x_offset=&#8221;0&#8243; shadow_y_offset=&#8221;0&#8243; shadow_blur=&#8221;0&#8243; shadow_spread=&#8221;0&#8243; shadow_color=&#8221;&#8221; css=&#8221;.vc_custom_1531906799465{padding-top: 20px !important;}&#8221;][vc_column [&hellip;]<\/p>\n","protected":false},"author":1,"featured_media":0,"parent":0,"menu_order":0,"comment_status":"closed","ping_status":"closed","template":"","meta":[],"yoast_head":"<!-- This site is optimized with the Yoast SEO Premium plugin v17.2 (Yoast SEO v17.2) - https:\/\/yoast.com\/wordpress\/plugins\/seo\/ -->\n<title>Contact Hotel Tranzit - accomodation pension Odorheiu Secuiesc, Odorhellen<\/title>\n<meta name=\"description\" content=\"accomodation odorheiu secuiesc, pension odorheiu secuiesc, accomodation odorhellen, pension odorhellen, low price accomodation\" \/>\n<meta name=\"robots\" content=\"index, follow, max-snippet:-1, max-image-preview:large, max-video-preview:-1\" \/>\n<link rel=\"canonical\" href=\"https:\/\/hotel-tranzit.ro\/en\/contact-reservation\/\" \/>\n<meta property=\"og:locale\" content=\"en_US\" \/>\n<meta property=\"og:type\" content=\"article\" \/>\n<meta property=\"og:title\" content=\"Contact\/Reservation\" \/>\n<meta property=\"og:description\" content=\"accomodation odorheiu secuiesc, pension odorheiu secuiesc, accomodation odorhellen, pension odorhellen, low price accomodation\" \/>\n<meta property=\"og:url\" content=\"https:\/\/hotel-tranzit.ro\/en\/contact-reservation\/\" \/>\n<meta property=\"og:site_name\" content=\"Hotel Tranzit - Sz\u00e1ll\u00e1s Sz\u00e9kelyudvarhely\" \/>\n<meta property=\"article:modified_time\" content=\"2022-08-04T09:43:01+00:00\" \/>\n<meta name=\"twitter:card\" content=\"summary_large_image\" \/>\n<meta name=\"twitter:label1\" content=\"Est. reading time\" \/>\n\t<meta name=\"twitter:data1\" content=\"1 minute\" \/>\n<script type=\"application\/ld+json\" class=\"yoast-schema-graph\">{\"@context\":\"https:\/\/schema.org\",\"@graph\":[{\"@type\":\"WebSite\",\"@id\":\"https:\/\/hotel-tranzit.ro\/#website\",\"url\":\"https:\/\/hotel-tranzit.ro\/\",\"name\":\"Hotel Tranzit - Sz\\u00e1ll\\u00e1s Sz\\u00e9kelyudvarhely\",\"description\":\"\",\"potentialAction\":[{\"@type\":\"SearchAction\",\"target\":{\"@type\":\"EntryPoint\",\"urlTemplate\":\"https:\/\/hotel-tranzit.ro\/?s={search_term_string}\"},\"query-input\":\"required name=search_term_string\"}],\"inLanguage\":\"en-US\"},{\"@type\":\"WebPage\",\"@id\":\"https:\/\/hotel-tranzit.ro\/en\/contact-reservation\/#webpage\",\"url\":\"https:\/\/hotel-tranzit.ro\/en\/contact-reservation\/\",\"name\":\"Contact Hotel Tranzit - accomodation pension Odorheiu Secuiesc, Odorhellen\",\"isPartOf\":{\"@id\":\"https:\/\/hotel-tranzit.ro\/#website\"},\"datePublished\":\"2018-06-05T04:15:54+00:00\",\"dateModified\":\"2022-08-04T09:43:01+00:00\",\"description\":\"accomodation odorheiu secuiesc, pension odorheiu secuiesc, accomodation odorhellen, pension odorhellen, low price accomodation\",\"breadcrumb\":{\"@id\":\"https:\/\/hotel-tranzit.ro\/en\/contact-reservation\/#breadcrumb\"},\"inLanguage\":\"en-US\",\"potentialAction\":[{\"@type\":\"ReadAction\",\"target\":[\"https:\/\/hotel-tranzit.ro\/en\/contact-reservation\/\"]}]},{\"@type\":\"BreadcrumbList\",\"@id\":\"https:\/\/hotel-tranzit.ro\/en\/contact-reservation\/#breadcrumb\",\"itemListElement\":[{\"@type\":\"ListItem\",\"position\":1,\"name\":\"Home\",\"item\":\"https:\/\/hotel-tranzit.ro\/en\/\"},{\"@type\":\"ListItem\",\"position\":2,\"name\":\"Contact\/Reservation\"}]}]}<\/script>\n<!-- \/ Yoast SEO Premium plugin. -->","yoast_head_json":{"title":"Contact Hotel Tranzit - accomodation pension Odorheiu Secuiesc, Odorhellen","description":"accomodation odorheiu secuiesc, pension odorheiu secuiesc, accomodation odorhellen, pension odorhellen, low price accomodation","robots":{"index":"index","follow":"follow","max-snippet":"max-snippet:-1","max-image-preview":"max-image-preview:large","max-video-preview":"max-video-preview:-1"},"canonical":"https:\/\/hotel-tranzit.ro\/en\/contact-reservation\/","og_locale":"en_US","og_type":"article","og_title":"Contact\/Reservation","og_description":"accomodation odorheiu secuiesc, pension odorheiu secuiesc, accomodation odorhellen, pension odorhellen, low price accomodation","og_url":"https:\/\/hotel-tranzit.ro\/en\/contact-reservation\/","og_site_name":"Hotel Tranzit - Sz\u00e1ll\u00e1s Sz\u00e9kelyudvarhely","article_modified_time":"2022-08-04T09:43:01+00:00","twitter_card":"summary_large_image","twitter_misc":{"Est. reading time":"1 minute"},"schema":{"@context":"https:\/\/schema.org","@graph":[{"@type":"WebSite","@id":"https:\/\/hotel-tranzit.ro\/#website","url":"https:\/\/hotel-tranzit.ro\/","name":"Hotel Tranzit - Sz\u00e1ll\u00e1s Sz\u00e9kelyudvarhely","description":"","potentialAction":[{"@type":"SearchAction","target":{"@type":"EntryPoint","urlTemplate":"https:\/\/hotel-tranzit.ro\/?s={search_term_string}"},"query-input":"required name=search_term_string"}],"inLanguage":"en-US"},{"@type":"WebPage","@id":"https:\/\/hotel-tranzit.ro\/en\/contact-reservation\/#webpage","url":"https:\/\/hotel-tranzit.ro\/en\/contact-reservation\/","name":"Contact Hotel Tranzit - accomodation pension Odorheiu Secuiesc, Odorhellen","isPartOf":{"@id":"https:\/\/hotel-tranzit.ro\/#website"},"datePublished":"2018-06-05T04:15:54+00:00","dateModified":"2022-08-04T09:43:01+00:00","description":"accomodation odorheiu secuiesc, pension odorheiu secuiesc, accomodation odorhellen, pension odorhellen, low price accomodation","breadcrumb":{"@id":"https:\/\/hotel-tranzit.ro\/en\/contact-reservation\/#breadcrumb"},"inLanguage":"en-US","potentialAction":[{"@type":"ReadAction","target":["https:\/\/hotel-tranzit.ro\/en\/contact-reservation\/"]}]},{"@type":"BreadcrumbList","@id":"https:\/\/hotel-tranzit.ro\/en\/contact-reservation\/#breadcrumb","itemListElement":[{"@type":"ListItem","position":1,"name":"Home","item":"https:\/\/hotel-tranzit.ro\/en\/"},{"@type":"ListItem","position":2,"name":"Contact\/Reservation"}]}]}},"_links":{"self":[{"href":"https:\/\/hotel-tranzit.ro\/en\/wp-json\/wp\/v2\/pages\/1714"}],"collection":[{"href":"https:\/\/hotel-tranzit.ro\/en\/wp-json\/wp\/v2\/pages"}],"about":[{"href":"https:\/\/hotel-tranzit.ro\/en\/wp-json\/wp\/v2\/types\/page"}],"author":[{"embeddable":true,"href":"https:\/\/hotel-tranzit.ro\/en\/wp-json\/wp\/v2\/users\/1"}],"replies":[{"embeddable":true,"href":"https:\/\/hotel-tranzit.ro\/en\/wp-json\/wp\/v2\/comments?post=1714"}],"version-history":[{"count":3,"href":"https:\/\/hotel-tranzit.ro\/en\/wp-json\/wp\/v2\/pages\/1714\/revisions"}],"predecessor-version":[{"id":1722,"href":"https:\/\/hotel-tranzit.ro\/en\/wp-json\/wp\/v2\/pages\/1714\/revisions\/1722"}],"wp:attachment":[{"href":"https:\/\/hotel-tranzit.ro\/en\/wp-json\/wp\/v2\/media?parent=1714"}],"curies":[{"name":"wp","href":"https:\/\/api.w.org\/{rel}","templated":true}]}}