{"id":1542,"date":"2022-08-03T14:18:20","date_gmt":"2022-08-03T14:18:20","guid":{"rendered":"https:\/\/hotel-tranzit.ro\/araink\/"},"modified":"2026-01-07T20:22:20","modified_gmt":"2026-01-07T20:22:20","slug":"preturi","status":"publish","type":"page","link":"https:\/\/hotel-tranzit.ro\/ro\/preturi\/","title":{"rendered":"Pre\u021buri"},"content":{"rendered":"<p>[vc_row][vc_column][stm_spacer height=&#8221;40&#8243; height_tablet=&#8221;30&#8243; height_mobile=&#8221;20&#8243;][\/vc_column][\/vc_row][vc_row equal_height=&#8221;yes&#8221; content_placement=&#8221;middle&#8221; shadow_x_offset=&#8221;0&#8243; shadow_y_offset=&#8221;0&#8243; shadow_blur=&#8221;0&#8243; shadow_spread=&#8221;0&#8243;][vc_column width=&#8221;1\/3&#8243;][vc_single_image image=&#8221;1826&#8243; img_size=&#8221;&#8221;][\/vc_column][vc_column width=&#8221;2\/3&#8243;][vc_column_text]<strong>Pre\u021buri \/ camerele:<\/strong><br \/>\nSingle &#8211; 200 lei<br \/>\n2 paturi \u2013 250 lei (9 buc)<br \/>\n3 paturi \u2013 300 lei (10 buc)<br \/>\n6 paturi \u2013 400 lei (1 buc)<\/p>\n<p><strong>Taxa de utilizare aer conditionat: 30 lei\/zi<\/strong><\/p>\n<p><strong>Pentru persoanele sub 5 ani oferim o reducere de 50%<\/strong>[\/vc_column_text][\/vc_column][\/vc_row][vc_row][vc_column][stm_spacer height=&#8221;80&#8243; height_tablet=&#8221;50&#8243; height_mobile=&#8221;30&#8243;][\/vc_column][\/vc_row][vc_row][vc_column][vc_media_grid element_width=&#8221;3&#8243; gap=&#8221;10&#8243; grid_id=&#8221;vc_gid:1767817324851-89b1fb36-0671-0&#8243; include=&#8221;1638,1639,1640,1641,1642,1643,1644,1645,1646,1647,1648,1649,1650,1651,1652,1653,1654,1655,1656,1657,1658,1659,1660,1661,1555,1631,1663,1664,1665,1666,1667,1668,1669,1670,1671,1672,1673,1674,1675,1676,1677,1678,1679,1680,1681,1682,1683,1684,1685,1686,1687,1688,1689,1690,1691,1692,1693,1694,1695,1696,1697,1698,1702,1703,1701,1700,1699&#8243;][\/vc_column][\/vc_row][vc_row][vc_column][stm_spacer height=&#8221;20&#8243; height_tablet=&#8221;20&#8243; height_mobile=&#8221;10&#8243;][\/vc_column][\/vc_row][vc_section css=&#8221;.vc_custom_1537946414736{margin-bottom: -60px !important;padding-top: 0px !important;}&#8221;][vc_row full_width=&#8221;stretch_row&#8221; content_placement=&#8221;middle&#8221; shadow_x_offset=&#8221;0&#8243; shadow_y_offset=&#8221;0&#8243; shadow_blur=&#8221;0&#8243; shadow_spread=&#8221;0&#8243; shadow_color=&#8221;&#8221; css=&#8221;.vc_custom_1659528983768{background-image: url(https:\/\/hotel-tranzit.ro\/wp-content\/uploads\/parallax-1.jpg?id=1401) !important;}&#8221; el_class=&#8221;fixed_bg&#8221;][vc_column css_animation=&#8221;none&#8221; shadow_x_offset=&#8221;0&#8243; shadow_y_offset=&#8221;0&#8243; shadow_blur=&#8221;0&#8243; shadow_spread=&#8221;0&#8243; shadow_color=&#8221;&#8221; offset=&#8221;vc_col-lg-offset-2 vc_col-lg-8 vc_col-md-offset-2 vc_col-md-8 vc_col-xs-12&#8243;][stm_spacer height=&#8221;70&#8243; height_tablet=&#8221;50&#8243; height_mobile=&#8221;30&#8243;][stm_spacer height=&#8221;188&#8243; height_tablet=&#8221;120&#8243; height_mobile=&#8221;110&#8243;][vc_custom_heading text=&#8221;ACCEPT\u0102M VOUCHERE DE VACAN\u021a\u0102&#8221; font_container=&#8221;tag:h4|font_size:40|text_align:center|color:%23ffffff|line_height:60px&#8221; use_theme_fonts=&#8221;yes&#8221; heading_icon=&#8221;stmicon-haircut&#8221; heading_icon_color=&#8221;custom&#8221; heading_icon_custom_color=&#8221;#ffffff&#8221; css=&#8221;.vc_custom_1659602166093{margin-top: 10px !important;margin-bottom: 40px !important;}&#8221;][vc_column_text css=&#8221;.vc_custom_1659602154474{margin-bottom: 61px !important;}&#8221;]<\/p>\n<p style=\"text-align: center;\"><span style=\"color: #ffffff;\"><span class=\"d2edcug0 hpfvmrgz qv66sw1b c1et5uql lr9zc1uh a8c37x1j fe6kdd0r mau55g9w c8b282yb keod5gw0 nxhoafnm aigsh9s9 d3f4x2em iv3no6db jq4qci2q a3bd9o3v b1v8xokw oo9gr5id hzawbc8m\" dir=\"auto\"><span class=\"tlid-translation translation\" lang=\"ro\"><span class=\"\" title=\"\">Toate tipurile de \u201e<strong>voucher de vacan\u021b\u0103\u201d<\/strong> emise \u00een Rom\u00e2nia sunt acceptate ca pensiunea noastr\u0103<br \/>\n<\/span><\/span><\/span><\/span><\/p>\n<p>[\/vc_column_text][stm_spacer height=&#8221;142&#8243; height_tablet=&#8221;130&#8243; height_mobile=&#8221;70&#8243;][\/vc_column][\/vc_row][\/vc_section]<\/p>\n","protected":false},"excerpt":{"rendered":"<p>[vc_row][vc_column][stm_spacer height=&#8221;40&#8243; height_tablet=&#8221;30&#8243; height_mobile=&#8221;20&#8243;][\/vc_column][\/vc_row][vc_row equal_height=&#8221;yes&#8221; content_placement=&#8221;middle&#8221; shadow_x_offset=&#8221;0&#8243; shadow_y_offset=&#8221;0&#8243; shadow_blur=&#8221;0&#8243; shadow_spread=&#8221;0&#8243;][vc_column width=&#8221;1\/3&#8243;][vc_single_image image=&#8221;1826&#8243; img_size=&#8221;&#8221;][\/vc_column][vc_column width=&#8221;2\/3&#8243;][vc_column_text]Pre\u021buri \/ camerele: Single &#8211; 200 lei 2 paturi \u2013 250 lei (9 buc) 3 paturi \u2013 300 lei (10 buc) 6 paturi \u2013 400 lei (1 buc) Taxa de utilizare aer conditionat: 30 lei\/zi Pentru persoanele sub 5 ani oferim o [&hellip;]<\/p>\n","protected":false},"author":1,"featured_media":0,"parent":0,"menu_order":0,"comment_status":"closed","ping_status":"closed","template":"","meta":[],"yoast_head":"<!-- This site is optimized with the Yoast SEO Premium plugin v17.2 (Yoast SEO v17.2) - https:\/\/yoast.com\/wordpress\/plugins\/seo\/ -->\n<title>Pre\u021buri - Hotel Tranzit - Cazare Odorheiu Secuiesc, Pensiune ieftin<\/title>\n<meta name=\"description\" content=\"cazare Odorheiu Secuiesc, pensiune Odorheiu Secuiesc ieftin, ieftin, cazare Odorhei, pensiune odorhei ieftin\" \/>\n<meta name=\"robots\" content=\"index, follow, max-snippet:-1, max-image-preview:large, max-video-preview:-1\" \/>\n<link rel=\"canonical\" href=\"https:\/\/hotel-tranzit.ro\/ro\/preturi\/\" \/>\n<meta property=\"og:locale\" content=\"ro_RO\" \/>\n<meta property=\"og:type\" content=\"article\" \/>\n<meta property=\"og:title\" content=\"Pre\u021buri\" \/>\n<meta property=\"og:description\" content=\"cazare Odorheiu Secuiesc, pensiune Odorheiu Secuiesc ieftin, ieftin, cazare Odorhei, pensiune odorhei ieftin\" \/>\n<meta property=\"og:url\" content=\"https:\/\/hotel-tranzit.ro\/ro\/preturi\/\" \/>\n<meta property=\"og:site_name\" content=\"Hotel Tranzit - Sz\u00e1ll\u00e1s Sz\u00e9kelyudvarhely\" \/>\n<meta property=\"article:modified_time\" content=\"2026-01-07T20:22:20+00:00\" \/>\n<meta name=\"twitter:card\" content=\"summary_large_image\" \/>\n<meta name=\"twitter:label1\" content=\"Timp estimat pentru citire\" \/>\n\t<meta name=\"twitter:data1\" content=\"2 minute\" \/>\n<script type=\"application\/ld+json\" class=\"yoast-schema-graph\">{\"@context\":\"https:\/\/schema.org\",\"@graph\":[{\"@type\":\"WebSite\",\"@id\":\"https:\/\/hotel-tranzit.ro\/#website\",\"url\":\"https:\/\/hotel-tranzit.ro\/\",\"name\":\"Hotel Tranzit - Sz\\u00e1ll\\u00e1s Sz\\u00e9kelyudvarhely\",\"description\":\"\",\"potentialAction\":[{\"@type\":\"SearchAction\",\"target\":{\"@type\":\"EntryPoint\",\"urlTemplate\":\"https:\/\/hotel-tranzit.ro\/?s={search_term_string}\"},\"query-input\":\"required name=search_term_string\"}],\"inLanguage\":\"ro-RO\"},{\"@type\":\"WebPage\",\"@id\":\"https:\/\/hotel-tranzit.ro\/ro\/preturi\/#webpage\",\"url\":\"https:\/\/hotel-tranzit.ro\/ro\/preturi\/\",\"name\":\"Pre\\u021buri - Hotel Tranzit - Cazare Odorheiu Secuiesc, Pensiune ieftin\",\"isPartOf\":{\"@id\":\"https:\/\/hotel-tranzit.ro\/#website\"},\"datePublished\":\"2022-08-03T14:18:20+00:00\",\"dateModified\":\"2026-01-07T20:22:20+00:00\",\"description\":\"cazare Odorheiu Secuiesc, pensiune Odorheiu Secuiesc ieftin, ieftin, cazare Odorhei, pensiune odorhei ieftin\",\"breadcrumb\":{\"@id\":\"https:\/\/hotel-tranzit.ro\/ro\/preturi\/#breadcrumb\"},\"inLanguage\":\"ro-RO\",\"potentialAction\":[{\"@type\":\"ReadAction\",\"target\":[\"https:\/\/hotel-tranzit.ro\/ro\/preturi\/\"]}]},{\"@type\":\"BreadcrumbList\",\"@id\":\"https:\/\/hotel-tranzit.ro\/ro\/preturi\/#breadcrumb\",\"itemListElement\":[{\"@type\":\"ListItem\",\"position\":1,\"name\":\"Home\",\"item\":\"https:\/\/hotel-tranzit.ro\/ro\/\"},{\"@type\":\"ListItem\",\"position\":2,\"name\":\"Pre\\u021buri\"}]}]}<\/script>\n<!-- \/ Yoast SEO Premium plugin. -->","yoast_head_json":{"title":"Pre\u021buri - Hotel Tranzit - Cazare Odorheiu Secuiesc, Pensiune ieftin","description":"cazare Odorheiu Secuiesc, pensiune Odorheiu Secuiesc ieftin, ieftin, cazare Odorhei, pensiune odorhei ieftin","robots":{"index":"index","follow":"follow","max-snippet":"max-snippet:-1","max-image-preview":"max-image-preview:large","max-video-preview":"max-video-preview:-1"},"canonical":"https:\/\/hotel-tranzit.ro\/ro\/preturi\/","og_locale":"ro_RO","og_type":"article","og_title":"Pre\u021buri","og_description":"cazare Odorheiu Secuiesc, pensiune Odorheiu Secuiesc ieftin, ieftin, cazare Odorhei, pensiune odorhei ieftin","og_url":"https:\/\/hotel-tranzit.ro\/ro\/preturi\/","og_site_name":"Hotel Tranzit - Sz\u00e1ll\u00e1s Sz\u00e9kelyudvarhely","article_modified_time":"2026-01-07T20:22:20+00:00","twitter_card":"summary_large_image","twitter_misc":{"Timp estimat pentru citire":"2 minute"},"schema":{"@context":"https:\/\/schema.org","@graph":[{"@type":"WebSite","@id":"https:\/\/hotel-tranzit.ro\/#website","url":"https:\/\/hotel-tranzit.ro\/","name":"Hotel Tranzit - Sz\u00e1ll\u00e1s Sz\u00e9kelyudvarhely","description":"","potentialAction":[{"@type":"SearchAction","target":{"@type":"EntryPoint","urlTemplate":"https:\/\/hotel-tranzit.ro\/?s={search_term_string}"},"query-input":"required name=search_term_string"}],"inLanguage":"ro-RO"},{"@type":"WebPage","@id":"https:\/\/hotel-tranzit.ro\/ro\/preturi\/#webpage","url":"https:\/\/hotel-tranzit.ro\/ro\/preturi\/","name":"Pre\u021buri - Hotel Tranzit - Cazare Odorheiu Secuiesc, Pensiune ieftin","isPartOf":{"@id":"https:\/\/hotel-tranzit.ro\/#website"},"datePublished":"2022-08-03T14:18:20+00:00","dateModified":"2026-01-07T20:22:20+00:00","description":"cazare Odorheiu Secuiesc, pensiune Odorheiu Secuiesc ieftin, ieftin, cazare Odorhei, pensiune odorhei ieftin","breadcrumb":{"@id":"https:\/\/hotel-tranzit.ro\/ro\/preturi\/#breadcrumb"},"inLanguage":"ro-RO","potentialAction":[{"@type":"ReadAction","target":["https:\/\/hotel-tranzit.ro\/ro\/preturi\/"]}]},{"@type":"BreadcrumbList","@id":"https:\/\/hotel-tranzit.ro\/ro\/preturi\/#breadcrumb","itemListElement":[{"@type":"ListItem","position":1,"name":"Home","item":"https:\/\/hotel-tranzit.ro\/ro\/"},{"@type":"ListItem","position":2,"name":"Pre\u021buri"}]}]}},"_links":{"self":[{"href":"https:\/\/hotel-tranzit.ro\/ro\/wp-json\/wp\/v2\/pages\/1542"}],"collection":[{"href":"https:\/\/hotel-tranzit.ro\/ro\/wp-json\/wp\/v2\/pages"}],"about":[{"href":"https:\/\/hotel-tranzit.ro\/ro\/wp-json\/wp\/v2\/types\/page"}],"author":[{"embeddable":true,"href":"https:\/\/hotel-tranzit.ro\/ro\/wp-json\/wp\/v2\/users\/1"}],"replies":[{"embeddable":true,"href":"https:\/\/hotel-tranzit.ro\/ro\/wp-json\/wp\/v2\/comments?post=1542"}],"version-history":[{"count":7,"href":"https:\/\/hotel-tranzit.ro\/ro\/wp-json\/wp\/v2\/pages\/1542\/revisions"}],"predecessor-version":[{"id":1843,"href":"https:\/\/hotel-tranzit.ro\/ro\/wp-json\/wp\/v2\/pages\/1542\/revisions\/1843"}],"wp:attachment":[{"href":"https:\/\/hotel-tranzit.ro\/ro\/wp-json\/wp\/v2\/media?parent=1542"}],"curies":[{"name":"wp","href":"https:\/\/api.w.org\/{rel}","templated":true}]}}