{"id":1726,"date":"2018-05-25T04:39:02","date_gmt":"2018-05-25T04:39:02","guid":{"rendered":"https:\/\/hotel-tranzit.ro\/front-page\/"},"modified":"2024-07-20T15:19:24","modified_gmt":"2024-07-20T15:19:24","slug":"front-page","status":"publish","type":"page","link":"https:\/\/hotel-tranzit.ro\/ro\/","title":{"rendered":"Pagina principal\u0103"},"content":{"rendered":"<p>[vc_row full_width=&#8221;stretch_row&#8221; shadow_x_offset=&#8221;0&#8243; shadow_y_offset=&#8221;0&#8243; shadow_blur=&#8221;0&#8243; shadow_spread=&#8221;0&#8243; shadow_color=&#8221;&#8221; el_class=&#8221;overlap&#8221;][vc_column shadow_x_offset=&#8221;0&#8243; shadow_y_offset=&#8221;0&#8243; shadow_blur=&#8221;0&#8243; shadow_spread=&#8221;0&#8243; offset=&#8221;vc_col-lg-offset-1 vc_col-lg-10 vc_col-md-offset-1 vc_col-md-10 vc_col-xs-12&#8243;][rev_slider_vc alias=&#8221;blur-effect-slider-ro&#8221;][\/vc_column][\/vc_row][vc_section css=&#8221;.vc_custom_1659531133459{margin-top: -25px !important;background-image: url(https:\/\/hotel-tranzit.ro\/wp-content\/uploads\/2022\/08\/bg2.jpg?id=1374) !important;}&#8221; el_class=&#8221;fixed_bg&#8221;][vc_row full_width=&#8221;stretch_row&#8221; shadow_x_offset=&#8221;0&#8243; shadow_y_offset=&#8221;0&#8243; shadow_blur=&#8221;0&#8243; shadow_spread=&#8221;0&#8243; shadow_color=&#8221;&#8221; el_class=&#8221;overlap&#8221; css=&#8221;.vc_custom_1533026956511{margin-right: 0px !important;margin-left: 0px !important;padding-right: 15px !important;padding-left: 15px !important;}&#8221;][vc_column css_animation=&#8221;none&#8221; shadow_x_offset=&#8221;&#8221; shadow_y_offset=&#8221;&#8221; shadow_blur=&#8221;&#8221; shadow_spread=&#8221;&#8221; shadow_color=&#8221;&#8221; offset=&#8221;vc_col-lg-offset-0 vc_col-lg-12 vc_col-md-offset-0 vc_col-md-12 vc_col-xs-12&#8243; css=&#8221;.vc_custom_1659531215265{margin-top: -81px !important;}&#8221;][vc_single_image image=&#8221;1762&#8243; img_size=&#8221;952&#215;78&#8243; alignment=&#8221;center&#8221; style=&#8221;vc_box_rounded&#8221;][\/vc_column][\/vc_row][vc_row][vc_column][stm_spacer height=&#8221;124&#8243; height_tablet=&#8221;100&#8243; height_mobile=&#8221;100&#8243;][vc_custom_heading text=&#8221;Hotel Tranzit Odorheiu Secuiesc&#8221; font_container=&#8221;tag:h2|font_size:30|text_align:center&#8221; use_theme_fonts=&#8221;yes&#8221; heading_icon=&#8221;stmicon-haircut&#8221; heading_icon_color=&#8221;ttc&#8221;][\/vc_column][\/vc_row][vc_row equal_height=&#8221;yes&#8221; shadow_x_offset=&#8221;0&#8243; shadow_y_offset=&#8221;0&#8243; shadow_blur=&#8221;0&#8243; shadow_spread=&#8221;0&#8243; shadow_color=&#8221;&#8221; css=&#8221;.vc_custom_1538027219361{padding-top: 27px !important;padding-right: 30px !important;padding-left: 30px !important;}&#8221; el_class=&#8221;sm_ml_0 sm_mr_0&#8243;][vc_column css_animation=&#8221;none&#8221; width=&#8221;1\/2&#8243; shadow_x_offset=&#8221;0&#8243; shadow_y_offset=&#8221;0&#8243; shadow_blur=&#8221;0&#8243; shadow_spread=&#8221;0&#8243; shadow_color=&#8221;&#8221; css=&#8221;.vc_custom_1659535044493{background-image: url(https:\/\/hotel-tranzit.ro\/wp-content\/uploads\/home-1.jpg?id=1494) !important;background-position: center !important;background-repeat: no-repeat !important;background-size: cover !important;}&#8221; offset=&#8221;vc_col-lg-offset-0 vc_col-lg-6 vc_col-md-offset-0 vc_col-md-6 vc_col-xs-12&#8243; el_class=&#8221;stm_zoom_bg&#8221;][stm_spacer height=&#8221;0&#8243; height_tablet=&#8221;0&#8243; height_mobile=&#8221;350&#8243;][\/vc_column][vc_column css_animation=&#8221;none&#8221; width=&#8221;1\/2&#8243; shadow_x_offset=&#8221;0&#8243; shadow_y_offset=&#8221;0&#8243; shadow_blur=&#8221;0&#8243; shadow_spread=&#8221;0&#8243; shadow_color=&#8221;&#8221; css=&#8221;.vc_custom_1538027326972{padding-top: 0px !important;background-color: #ffffff !important;}&#8221; offset=&#8221;vc_col-lg-6 vc_col-md-6 vc_col-xs-12&#8243;][vc_row_inner][vc_column_inner shadow_x_offset=&#8221;0&#8243; shadow_y_offset=&#8221;0&#8243; shadow_blur=&#8221;0&#8243; shadow_spread=&#8221;0&#8243; shadow_color=&#8221;&#8221; offset=&#8221;vc_col-lg-offset-0 vc_col-lg-12 vc_col-md-offset-0 vc_col-md-12 vc_col-xs-12&#8243; css=&#8221;.vc_custom_1538027472213{padding-top: 0px !important;}&#8221;][stm_spacer height=&#8221;73&#8243; height_mobile=&#8221;50&#8243; height_tablet_landscape=&#8221;0&#8243; height_tablet=&#8221;60&#8243;][vc_custom_heading text=&#8221;HOTEL TRANZIT ***&#8221; font_container=&#8221;tag:h4|text_align:center&#8221; use_theme_fonts=&#8221;yes&#8221; css=&#8221;.vc_custom_1721488761251{margin-bottom: 30px !important;}&#8221;][vc_column_text css=&#8221;.vc_custom_1659632525043{margin-bottom: 44px !important;padding-right: 45px !important;padding-left: 45px !important;}&#8221; el_class=&#8221;sm_pl_15 sm_pr_15&#8243;]<\/p>\n<p style=\"text-align: center;\">Hotel-Hostel Tranzit un pensiune in centrul Odorheiu Secuiesc, putem caza 55 de persoane.<\/p>\n<p>[\/vc_column_text][stm_button button_style=&#8221;outline&#8221; button_size=&#8221;lg&#8221; button_pos=&#8221;center&#8221; button_icon_pos=&#8221;left&#8221; button_icon=&#8221;stmicon-arrow_forward&#8221; button_icon_class=&#8221;custom&#8221; button_icon_color=&#8221;#ffac41&#8243; button_icon_color_hover=&#8221;#ffffff&#8221; button_icon_size=&#8221;20&#8243; link=&#8221;url:https%3A%2F%2Fhotel-tranzit.ro%2Fro%2Fhotel-tranzit-odorheiu-secuiesc%2F&#8221;][stm_spacer height=&#8221;60&#8243; height_mobile=&#8221;40&#8243; height_tablet_landscape=&#8221;0&#8243; height_tablet=&#8221;50&#8243;][\/vc_column_inner][\/vc_row_inner][\/vc_column][\/vc_row][vc_row][vc_column][stm_spacer height=&#8221;0&#8243; height_tablet=&#8221;0&#8243; height_mobile=&#8221;50&#8243;][\/vc_column][\/vc_row][vc_row equal_height=&#8221;yes&#8221; shadow_x_offset=&#8221;0&#8243; shadow_y_offset=&#8221;0&#8243; shadow_blur=&#8221;0&#8243; shadow_spread=&#8221;0&#8243; shadow_color=&#8221;&#8221; css=&#8221;.vc_custom_1538027425183{padding-right: 30px !important;padding-left: 30px !important;}&#8221; el_class=&#8221;sm_ml_0 sm_mr_0&#8243;][vc_column css_animation=&#8221;none&#8221; width=&#8221;1\/2&#8243; shadow_x_offset=&#8221;0&#8243; shadow_y_offset=&#8221;0&#8243; shadow_blur=&#8221;0&#8243; shadow_spread=&#8221;0&#8243; shadow_color=&#8221;&#8221; css=&#8221;.vc_custom_1538027370250{padding-top: 0px !important;background-color: #ffffff !important;}&#8221; offset=&#8221;vc_col-lg-offset-0 vc_col-lg-6 vc_col-md-offset-0 vc_col-md-6 vc_col-xs-12&#8243;][vc_row_inner][vc_column_inner shadow_x_offset=&#8221;0&#8243; shadow_y_offset=&#8221;0&#8243; shadow_blur=&#8221;0&#8243; shadow_spread=&#8221;0&#8243; shadow_color=&#8221;&#8221; offset=&#8221;vc_col-lg-offset-0 vc_col-lg-12 vc_col-md-offset-0 vc_col-md-12 vc_col-xs-12&#8243; css=&#8221;.vc_custom_1538027485079{padding-top: 0px !important;}&#8221;][stm_spacer height=&#8221;73&#8243; height_mobile=&#8221;50&#8243; height_tablet_landscape=&#8221;0&#8243; height_tablet=&#8221;60&#8243;][vc_custom_heading text=&#8221;CAMERE SPA\u021aIOASE&#8221; font_container=&#8221;tag:h4|text_align:center&#8221; use_theme_fonts=&#8221;yes&#8221; css=&#8221;.vc_custom_1659604572060{margin-bottom: 30px !important;}&#8221;][vc_column_text css=&#8221;.vc_custom_1659604666245{margin-bottom: 44px !important;padding-right: 45px !important;padding-left: 45px !important;}&#8221; el_class=&#8221;sm_pl_15 sm_pr_15&#8243;]<\/p>\n<p style=\"text-align: center;\">Incerc\u0103m s\u0103 \u00eendeplinim toate cerin\u021bele ale Dvs. \u0219i oferim un pre\u021b avantajos<\/p>\n<p>[\/vc_column_text][stm_button button_style=&#8221;outline&#8221; button_size=&#8221;lg&#8221; button_pos=&#8221;center&#8221; button_icon_pos=&#8221;left&#8221; button_icon=&#8221;stmicon-arrow_forward&#8221; button_icon_class=&#8221;custom&#8221; button_icon_color=&#8221;#ffac41&#8243; button_icon_color_hover=&#8221;#ffffff&#8221; button_icon_size=&#8221;20&#8243; link=&#8221;url:https%3A%2F%2Fhotel-tranzit.ro%2Fro%2Fhotel-tranzit-odorheiu-secuiesc%2F&#8221;][stm_spacer height=&#8221;60&#8243; height_mobile=&#8221;40&#8243; height_tablet_landscape=&#8221;0&#8243; height_tablet=&#8221;50&#8243;][\/vc_column_inner][\/vc_row_inner][\/vc_column][vc_column css_animation=&#8221;none&#8221; width=&#8221;1\/2&#8243; shadow_x_offset=&#8221;0&#8243; shadow_y_offset=&#8221;0&#8243; shadow_blur=&#8221;0&#8243; shadow_spread=&#8221;0&#8243; shadow_color=&#8221;&#8221; css=&#8221;.vc_custom_1659535177041{background-image: url(https:\/\/hotel-tranzit.ro\/wp-content\/uploads\/home-2.jpg?id=1496) !important;background-position: center !important;background-repeat: no-repeat !important;background-size: cover !important;}&#8221; offset=&#8221;vc_col-lg-offset-0 vc_col-lg-6 vc_col-md-offset-0 vc_col-md-6 vc_col-xs-12&#8243; el_class=&#8221;stm_zoom_bg&#8221;][stm_spacer height=&#8221;0&#8243; height_tablet=&#8221;0&#8243; height_mobile=&#8221;350&#8243;][\/vc_column][\/vc_row][vc_row][vc_column][stm_spacer height=&#8221;0&#8243; height_tablet=&#8221;0&#8243; height_mobile=&#8221;50&#8243;][\/vc_column][\/vc_row][vc_row equal_height=&#8221;yes&#8221; shadow_x_offset=&#8221;0&#8243; shadow_y_offset=&#8221;0&#8243; shadow_blur=&#8221;0&#8243; shadow_spread=&#8221;0&#8243; shadow_color=&#8221;&#8221; css=&#8221;.vc_custom_1538027432371{padding-right: 30px !important;padding-left: 30px !important;}&#8221; el_class=&#8221;sm_ml_0 sm_mr_0&#8243;][vc_column css_animation=&#8221;none&#8221; width=&#8221;1\/2&#8243; shadow_x_offset=&#8221;0&#8243; shadow_y_offset=&#8221;0&#8243; shadow_blur=&#8221;0&#8243; shadow_spread=&#8221;0&#8243; shadow_color=&#8221;&#8221; css=&#8221;.vc_custom_1659535184940{background-image: url(https:\/\/hotel-tranzit.ro\/wp-content\/uploads\/home-3.jpg?id=1497) !important;background-position: center !important;background-repeat: no-repeat !important;background-size: cover !important;}&#8221; offset=&#8221;vc_col-lg-offset-0 vc_col-lg-6 vc_col-md-offset-0 vc_col-md-6 vc_col-xs-12&#8243; el_class=&#8221;stm_zoom_bg&#8221;][stm_spacer height=&#8221;0&#8243; height_tablet=&#8221;0&#8243; height_mobile=&#8221;350&#8243;][\/vc_column][vc_column css_animation=&#8221;none&#8221; width=&#8221;1\/2&#8243; shadow_x_offset=&#8221;0&#8243; shadow_y_offset=&#8221;0&#8243; shadow_blur=&#8221;0&#8243; shadow_spread=&#8221;0&#8243; shadow_color=&#8221;&#8221; css=&#8221;.vc_custom_1538027392124{padding-top: 0px !important;background-color: #ffffff !important;}&#8221; offset=&#8221;vc_col-lg-6 vc_col-md-6 vc_col-xs-12&#8243;][vc_row_inner][vc_column_inner shadow_x_offset=&#8221;0&#8243; shadow_y_offset=&#8221;0&#8243; shadow_blur=&#8221;0&#8243; shadow_spread=&#8221;0&#8243; shadow_color=&#8221;&#8221; offset=&#8221;vc_col-lg-offset-0 vc_col-lg-12 vc_col-md-offset-0 vc_col-md-12 vc_col-xs-12&#8243; css=&#8221;.vc_custom_1538027496996{padding-top: 0px !important;}&#8221;][stm_spacer height=&#8221;73&#8243; height_mobile=&#8221;50&#8243; height_tablet_landscape=&#8221;0&#8243; height_tablet=&#8221;60&#8243;][vc_custom_heading text=&#8221;SAL\u0102 PENTRU 80 DE PERSOANE&#8221; font_container=&#8221;tag:h4|text_align:center&#8221; use_theme_fonts=&#8221;yes&#8221; css=&#8221;.vc_custom_1659632537636{margin-bottom: 30px !important;}&#8221;][vc_column_text css=&#8221;.vc_custom_1659632542153{margin-bottom: 44px !important;padding-right: 45px !important;padding-left: 45px !important;}&#8221; el_class=&#8221;sm_pl_15 sm_pr_15&#8243;]<\/p>\n<p style=\"text-align: center;\">Sal\u0103 pentru 80 de persoane pentru \u00eent\u00e2lniri<\/p>\n<p>[\/vc_column_text][stm_button button_style=&#8221;outline&#8221; button_size=&#8221;lg&#8221; button_pos=&#8221;center&#8221; button_icon_pos=&#8221;left&#8221; button_icon=&#8221;stmicon-arrow_forward&#8221; button_icon_class=&#8221;custom&#8221; button_icon_color=&#8221;#ffac41&#8243; button_icon_color_hover=&#8221;#ffffff&#8221; button_icon_size=&#8221;20&#8243; link=&#8221;url:https%3A%2F%2Fhotel-tranzit.ro%2Fro%2Fhotel-tranzit-odorheiu-secuiesc%2F&#8221;][stm_spacer height=&#8221;60&#8243; height_mobile=&#8221;40&#8243; height_tablet_landscape=&#8221;0&#8243; height_tablet=&#8221;50&#8243;][\/vc_column_inner][\/vc_row_inner][\/vc_column][\/vc_row][vc_row][vc_column][stm_spacer height=&#8221;90&#8243; height_tablet=&#8221;70&#8243; height_mobile=&#8221;50&#8243;][\/vc_column][\/vc_row][vc_row][vc_column width=&#8221;1\/6&#8243;][\/vc_column][vc_column width=&#8221;2\/3&#8243;][vc_video align=&#8221;center&#8221; link=&#8221;https:\/\/www.youtube.com\/embed\/YIDV0QHEE9I&#8221;][stm_spacer height=&#8221;123&#8243; height_tablet=&#8221;100&#8243; height_mobile=&#8221;100&#8243;][\/vc_column][vc_column width=&#8221;1\/6&#8243;][\/vc_column][\/vc_row][\/vc_section][vc_section css=&#8221;.vc_custom_1537869517070{padding-top: 0px !important;}&#8221;][vc_row full_width=&#8221;stretch_row&#8221; shadow_x_offset=&#8221;0&#8243; shadow_y_offset=&#8221;0&#8243; shadow_blur=&#8221;0&#8243; shadow_spread=&#8221;0&#8243; shadow_color=&#8221;&#8221; css=&#8221;.vc_custom_1537940056087{background-position: 0 0 !important;background-repeat: repeat !important;}&#8221;][vc_column width=&#8221;1\/4&#8243; shadow_x_offset=&#8221;0&#8243; shadow_y_offset=&#8221;0&#8243; shadow_blur=&#8221;0&#8243; shadow_spread=&#8221;0&#8243; shadow_color=&#8221;&#8221;][\/vc_column][vc_column width=&#8221;1\/2&#8243;][stm_spacer height=&#8221;123&#8243; height_tablet=&#8221;100&#8243; height_mobile=&#8221;100&#8243;][vc_custom_heading text=&#8221;Caracteristici de confort&#8221; font_container=&#8221;tag:h2|text_align:center&#8221; use_theme_fonts=&#8221;yes&#8221; heading_icon=&#8221;stmicon-haircut&#8221; heading_icon_color=&#8221;ttc&#8221;][vc_column_text css=&#8221;.vc_custom_1659604679493{margin-bottom: 0px !important;}&#8221;]<\/p>\n<p style=\"text-align: center;\">Incerc\u0103m s\u0103 \u00eendeplinim toate cerin\u021bele ale Dvs. \u0219i oferim un pre\u021b avantajos ca s\u0103 pute\u021bi vizit\u0103 \u0219i \u00een anul viitor ora\u0219ul nostru in centrul Transilvaniei.<\/p>\n<p>[\/vc_column_text][\/vc_column][vc_column width=&#8221;1\/4&#8243;][\/vc_column][\/vc_row][vc_row full_width=&#8221;stretch_row&#8221; shadow_x_offset=&#8221;0&#8243; shadow_y_offset=&#8221;0&#8243; shadow_blur=&#8221;0&#8243; shadow_spread=&#8221;0&#8243; shadow_color=&#8221;&#8221; css=&#8221;.vc_custom_1538030696169{padding-top: 50px !important;padding-bottom: 50px !important;}&#8221;][vc_column][vc_row_inner css=&#8221;.vc_custom_1538030529201{padding-bottom: 0px !important;}&#8221;][vc_column_inner width=&#8221;1\/4&#8243; shadow_x_offset=&#8221;0&#8243; shadow_y_offset=&#8221;0&#8243; shadow_blur=&#8221;0&#8243; shadow_spread=&#8221;0&#8243; offset=&#8221;vc_col-xs-6&#8243;][stm_icon icon_color=&#8221;ttc&#8221; icon_align=&#8221;center&#8221; height=&#8221;80&#8243; icon_styled_bg=&#8221;enable&#8221; icon=&#8221;stmicon-hotel-internet&#8221;][vc_custom_heading text=&#8221;WI-FI INTERNET&#8221; font_container=&#8221;tag:h6|text_align:center&#8221; use_theme_fonts=&#8221;yes&#8221;][stm_spacer height=&#8221;20&#8243;][\/vc_column_inner][vc_column_inner width=&#8221;1\/4&#8243; shadow_x_offset=&#8221;0&#8243; shadow_y_offset=&#8221;0&#8243; shadow_blur=&#8221;0&#8243; shadow_spread=&#8221;0&#8243; offset=&#8221;vc_col-xs-6&#8243;][stm_icon icon_color=&#8221;ttc&#8221; icon_align=&#8221;center&#8221; height=&#8221;80&#8243; icon_styled_bg=&#8221;enable&#8221; icon=&#8221;stmicon-hotel-drinks&#8221;][vc_custom_heading text=&#8221;BAR&#8221; font_container=&#8221;tag:h6|text_align:center&#8221; use_theme_fonts=&#8221;yes&#8221;][stm_spacer height=&#8221;20&#8243;][\/vc_column_inner][vc_column_inner width=&#8221;1\/4&#8243; shadow_x_offset=&#8221;0&#8243; shadow_y_offset=&#8221;0&#8243; shadow_blur=&#8221;0&#8243; shadow_spread=&#8221;0&#8243; offset=&#8221;vc_col-xs-6&#8243;][stm_icon icon_color=&#8221;ttc&#8221; icon_align=&#8221;center&#8221; height=&#8221;80&#8243; icon_styled_bg=&#8221;enable&#8221; icon=&#8221;stmicon-hotel-concierge&#8221;][vc_custom_heading text=&#8221;RESTAURANT&#8221; font_container=&#8221;tag:h6|text_align:center&#8221; use_theme_fonts=&#8221;yes&#8221;][stm_spacer height=&#8221;20&#8243;][\/vc_column_inner][vc_column_inner width=&#8221;1\/4&#8243; shadow_x_offset=&#8221;0&#8243; shadow_y_offset=&#8221;0&#8243; shadow_blur=&#8221;0&#8243; shadow_spread=&#8221;0&#8243; offset=&#8221;vc_col-xs-6&#8243;][stm_icon icon_color=&#8221;ttc&#8221; icon_align=&#8221;center&#8221; height=&#8221;70&#8243; icon_styled_bg=&#8221;enable&#8221; icon=&#8221;stmicon-hotel-pool&#8221;][vc_custom_heading text=&#8221;TURISTIC&#8221; font_container=&#8221;tag:h6|text_align:center&#8221; use_theme_fonts=&#8221;yes&#8221;][stm_spacer height=&#8221;20&#8243;][\/vc_column_inner][\/vc_row_inner][\/vc_column][\/vc_row][\/vc_section][vc_section css=&#8221;.vc_custom_1659532665286{margin-bottom: -60px !important;padding-top: 0px !important;}&#8221;][vc_row full_width=&#8221;stretch_row&#8221; content_placement=&#8221;middle&#8221; shadow_x_offset=&#8221;0&#8243; shadow_y_offset=&#8221;0&#8243; shadow_blur=&#8221;0&#8243; shadow_spread=&#8221;0&#8243; shadow_color=&#8221;&#8221; css=&#8221;.vc_custom_1659528983768{background-image: url(https:\/\/hotel-tranzit.ro\/wp-content\/uploads\/parallax-1.jpg?id=1401) !important;}&#8221; el_class=&#8221;fixed_bg&#8221;][vc_column css_animation=&#8221;none&#8221; shadow_x_offset=&#8221;0&#8243; shadow_y_offset=&#8221;0&#8243; shadow_blur=&#8221;0&#8243; shadow_spread=&#8221;0&#8243; shadow_color=&#8221;&#8221; offset=&#8221;vc_col-lg-offset-2 vc_col-lg-8 vc_col-md-offset-2 vc_col-md-8 vc_col-xs-12&#8243;][stm_spacer height=&#8221;188&#8243; height_tablet=&#8221;120&#8243; height_mobile=&#8221;110&#8243;][vc_custom_heading text=&#8221;ACCEPT\u0102M VOUCHERE DE VACAN\u021a\u0102&#8221; font_container=&#8221;tag:h4|font_size:40|text_align:center|color:%23ffffff|line_height:60px&#8221; use_theme_fonts=&#8221;yes&#8221; heading_icon=&#8221;stmicon-haircut&#8221; heading_icon_color=&#8221;custom&#8221; heading_icon_custom_color=&#8221;#ffffff&#8221; css=&#8221;.vc_custom_1659604751983{margin-top: 10px !important;margin-bottom: 40px !important;}&#8221;][vc_column_text css=&#8221;.vc_custom_1659604740587{margin-bottom: 61px !important;}&#8221;]<\/p>\n<p style=\"text-align: center;\"><span style=\"color: #ffffff;\"><span class=\"d2edcug0 hpfvmrgz qv66sw1b c1et5uql lr9zc1uh a8c37x1j fe6kdd0r mau55g9w c8b282yb keod5gw0 nxhoafnm aigsh9s9 d3f4x2em iv3no6db jq4qci2q a3bd9o3v b1v8xokw oo9gr5id hzawbc8m\" dir=\"auto\"><span class=\"tlid-translation translation\" lang=\"ro\"><span class=\"\" title=\"\">Toate tipurile de \u201e<strong>voucher de vacan\u021b\u0103\u201d<\/strong> emise \u00een Rom\u00e2nia sunt acceptate ca pensiunea noastr\u0103<br \/>\n<\/span><\/span><\/span><\/span><\/p>\n<p>[\/vc_column_text][stm_spacer height=&#8221;142&#8243; height_tablet=&#8221;130&#8243; height_mobile=&#8221;70&#8243;][\/vc_column][\/vc_row][\/vc_section]<\/p>\n","protected":false},"excerpt":{"rendered":"<p>[vc_row full_width=&#8221;stretch_row&#8221; shadow_x_offset=&#8221;0&#8243; shadow_y_offset=&#8221;0&#8243; shadow_blur=&#8221;0&#8243; shadow_spread=&#8221;0&#8243; shadow_color=&#8221;&#8221; el_class=&#8221;overlap&#8221;][vc_column shadow_x_offset=&#8221;0&#8243; shadow_y_offset=&#8221;0&#8243; shadow_blur=&#8221;0&#8243; shadow_spread=&#8221;0&#8243; offset=&#8221;vc_col-lg-offset-1 vc_col-lg-10 vc_col-md-offset-1 vc_col-md-10 vc_col-xs-12&#8243;][rev_slider_vc alias=&#8221;blur-effect-slider-ro&#8221;][\/vc_column][\/vc_row][vc_section css=&#8221;.vc_custom_1659531133459{margin-top: -25px !important;background-image: url(https:\/\/hotel-tranzit.ro\/wp-content\/uploads\/2022\/08\/bg2.jpg?id=1374) !important;}&#8221; el_class=&#8221;fixed_bg&#8221;][vc_row full_width=&#8221;stretch_row&#8221; shadow_x_offset=&#8221;0&#8243; shadow_y_offset=&#8221;0&#8243; shadow_blur=&#8221;0&#8243; shadow_spread=&#8221;0&#8243; shadow_color=&#8221;&#8221; el_class=&#8221;overlap&#8221; css=&#8221;.vc_custom_1533026956511{margin-right: 0px !important;margin-left: 0px !important;padding-right: 15px !important;padding-left: 15px !important;}&#8221;][vc_column css_animation=&#8221;none&#8221; shadow_x_offset=&#8221;&#8221; shadow_y_offset=&#8221;&#8221; shadow_blur=&#8221;&#8221; shadow_spread=&#8221;&#8221; shadow_color=&#8221;&#8221; offset=&#8221;vc_col-lg-offset-0 vc_col-lg-12 vc_col-md-offset-0 vc_col-md-12 vc_col-xs-12&#8243; css=&#8221;.vc_custom_1659531215265{margin-top: -81px !important;}&#8221;][vc_single_image image=&#8221;1762&#8243; [&hellip;]<\/p>\n","protected":false},"author":1,"featured_media":0,"parent":0,"menu_order":0,"comment_status":"closed","ping_status":"closed","template":"","meta":[],"yoast_head":"<!-- This site is optimized with the Yoast SEO Premium plugin v17.2 (Yoast SEO v17.2) - https:\/\/yoast.com\/wordpress\/plugins\/seo\/ -->\n<title>Hotel Tranzit - Cazare Odorheiu Secuiesc, Pensiune Odorheiu Secuiesc ieftin<\/title>\n<meta name=\"description\" content=\"cazare Odorheiu Secuiesc, pensiune Odorheiu Secuiesc ieftin, ieftin, cazare Odorhei, pensiune odorhei ieftin\" \/>\n<meta name=\"robots\" content=\"index, follow, max-snippet:-1, max-image-preview:large, max-video-preview:-1\" \/>\n<link rel=\"canonical\" href=\"https:\/\/hotel-tranzit.ro\/ro\/\" \/>\n<meta property=\"og:locale\" content=\"ro_RO\" \/>\n<meta property=\"og:type\" content=\"article\" \/>\n<meta property=\"og:title\" content=\"Pagina principal\u0103\" \/>\n<meta property=\"og:description\" content=\"cazare Odorheiu Secuiesc, pensiune Odorheiu Secuiesc ieftin, ieftin, cazare Odorhei, pensiune odorhei ieftin\" \/>\n<meta property=\"og:url\" content=\"https:\/\/hotel-tranzit.ro\/ro\/\" \/>\n<meta property=\"og:site_name\" content=\"Hotel Tranzit - Sz\u00e1ll\u00e1s Sz\u00e9kelyudvarhely\" \/>\n<meta property=\"article:modified_time\" content=\"2024-07-20T15:19:24+00:00\" \/>\n<meta name=\"twitter:card\" content=\"summary_large_image\" \/>\n<meta name=\"twitter:label1\" content=\"Timp estimat pentru citire\" \/>\n\t<meta name=\"twitter:data1\" content=\"9 minute\" \/>\n<script type=\"application\/ld+json\" class=\"yoast-schema-graph\">{\"@context\":\"https:\/\/schema.org\",\"@graph\":[{\"@type\":\"WebSite\",\"@id\":\"https:\/\/hotel-tranzit.ro\/#website\",\"url\":\"https:\/\/hotel-tranzit.ro\/\",\"name\":\"Hotel Tranzit - Sz\\u00e1ll\\u00e1s Sz\\u00e9kelyudvarhely\",\"description\":\"\",\"potentialAction\":[{\"@type\":\"SearchAction\",\"target\":{\"@type\":\"EntryPoint\",\"urlTemplate\":\"https:\/\/hotel-tranzit.ro\/?s={search_term_string}\"},\"query-input\":\"required name=search_term_string\"}],\"inLanguage\":\"ro-RO\"},{\"@type\":\"WebPage\",\"@id\":\"https:\/\/hotel-tranzit.ro\/ro\/#webpage\",\"url\":\"https:\/\/hotel-tranzit.ro\/ro\/\",\"name\":\"Hotel Tranzit - Cazare Odorheiu Secuiesc, Pensiune Odorheiu Secuiesc ieftin\",\"isPartOf\":{\"@id\":\"https:\/\/hotel-tranzit.ro\/#website\"},\"datePublished\":\"2018-05-25T04:39:02+00:00\",\"dateModified\":\"2024-07-20T15:19:24+00:00\",\"description\":\"cazare Odorheiu Secuiesc, pensiune Odorheiu Secuiesc ieftin, ieftin, cazare Odorhei, pensiune odorhei ieftin\",\"breadcrumb\":{\"@id\":\"https:\/\/hotel-tranzit.ro\/ro\/#breadcrumb\"},\"inLanguage\":\"ro-RO\",\"potentialAction\":[{\"@type\":\"ReadAction\",\"target\":[\"https:\/\/hotel-tranzit.ro\/ro\/\"]}]},{\"@type\":\"BreadcrumbList\",\"@id\":\"https:\/\/hotel-tranzit.ro\/ro\/#breadcrumb\",\"itemListElement\":[{\"@type\":\"ListItem\",\"position\":1,\"name\":\"Home\",\"item\":\"https:\/\/hotel-tranzit.ro\/ro\/\"},{\"@type\":\"ListItem\",\"position\":2,\"name\":\"Pagina principal\\u0103\"}]}]}<\/script>\n<!-- \/ Yoast SEO Premium plugin. -->","yoast_head_json":{"title":"Hotel Tranzit - Cazare Odorheiu Secuiesc, Pensiune Odorheiu Secuiesc ieftin","description":"cazare Odorheiu Secuiesc, pensiune Odorheiu Secuiesc ieftin, ieftin, cazare Odorhei, pensiune odorhei ieftin","robots":{"index":"index","follow":"follow","max-snippet":"max-snippet:-1","max-image-preview":"max-image-preview:large","max-video-preview":"max-video-preview:-1"},"canonical":"https:\/\/hotel-tranzit.ro\/ro\/","og_locale":"ro_RO","og_type":"article","og_title":"Pagina principal\u0103","og_description":"cazare Odorheiu Secuiesc, pensiune Odorheiu Secuiesc ieftin, ieftin, cazare Odorhei, pensiune odorhei ieftin","og_url":"https:\/\/hotel-tranzit.ro\/ro\/","og_site_name":"Hotel Tranzit - Sz\u00e1ll\u00e1s Sz\u00e9kelyudvarhely","article_modified_time":"2024-07-20T15:19:24+00:00","twitter_card":"summary_large_image","twitter_misc":{"Timp estimat pentru citire":"9 minute"},"schema":{"@context":"https:\/\/schema.org","@graph":[{"@type":"WebSite","@id":"https:\/\/hotel-tranzit.ro\/#website","url":"https:\/\/hotel-tranzit.ro\/","name":"Hotel Tranzit - Sz\u00e1ll\u00e1s Sz\u00e9kelyudvarhely","description":"","potentialAction":[{"@type":"SearchAction","target":{"@type":"EntryPoint","urlTemplate":"https:\/\/hotel-tranzit.ro\/?s={search_term_string}"},"query-input":"required name=search_term_string"}],"inLanguage":"ro-RO"},{"@type":"WebPage","@id":"https:\/\/hotel-tranzit.ro\/ro\/#webpage","url":"https:\/\/hotel-tranzit.ro\/ro\/","name":"Hotel Tranzit - Cazare Odorheiu Secuiesc, Pensiune Odorheiu Secuiesc ieftin","isPartOf":{"@id":"https:\/\/hotel-tranzit.ro\/#website"},"datePublished":"2018-05-25T04:39:02+00:00","dateModified":"2024-07-20T15:19:24+00:00","description":"cazare Odorheiu Secuiesc, pensiune Odorheiu Secuiesc ieftin, ieftin, cazare Odorhei, pensiune odorhei ieftin","breadcrumb":{"@id":"https:\/\/hotel-tranzit.ro\/ro\/#breadcrumb"},"inLanguage":"ro-RO","potentialAction":[{"@type":"ReadAction","target":["https:\/\/hotel-tranzit.ro\/ro\/"]}]},{"@type":"BreadcrumbList","@id":"https:\/\/hotel-tranzit.ro\/ro\/#breadcrumb","itemListElement":[{"@type":"ListItem","position":1,"name":"Home","item":"https:\/\/hotel-tranzit.ro\/ro\/"},{"@type":"ListItem","position":2,"name":"Pagina principal\u0103"}]}]}},"_links":{"self":[{"href":"https:\/\/hotel-tranzit.ro\/ro\/wp-json\/wp\/v2\/pages\/1726"}],"collection":[{"href":"https:\/\/hotel-tranzit.ro\/ro\/wp-json\/wp\/v2\/pages"}],"about":[{"href":"https:\/\/hotel-tranzit.ro\/ro\/wp-json\/wp\/v2\/types\/page"}],"author":[{"embeddable":true,"href":"https:\/\/hotel-tranzit.ro\/ro\/wp-json\/wp\/v2\/users\/1"}],"replies":[{"embeddable":true,"href":"https:\/\/hotel-tranzit.ro\/ro\/wp-json\/wp\/v2\/comments?post=1726"}],"version-history":[{"count":5,"href":"https:\/\/hotel-tranzit.ro\/ro\/wp-json\/wp\/v2\/pages\/1726\/revisions"}],"predecessor-version":[{"id":1828,"href":"https:\/\/hotel-tranzit.ro\/ro\/wp-json\/wp\/v2\/pages\/1726\/revisions\/1828"}],"wp:attachment":[{"href":"https:\/\/hotel-tranzit.ro\/ro\/wp-json\/wp\/v2\/media?parent=1726"}],"curies":[{"name":"wp","href":"https:\/\/api.w.org\/{rel}","templated":true}]}}